{"id":253,"date":"2022-04-18T14:57:15","date_gmt":"2022-04-18T11:57:15","guid":{"rendered":"https:\/\/www.opilav.com\/siparis\/?page_id=253"},"modified":"2022-04-18T14:58:12","modified_gmt":"2022-04-18T11:58:12","slug":"cerez-politikasi","status":"publish","type":"page","link":"https:\/\/www.opilav.com\/siparis\/cerez-politikasi\/","title":{"rendered":"\u00c7erez Politikas\u0131"},"content":{"rendered":"<div class=\"container-grids general-site\">\n<div class=\"row-grids\">\n<h1>\u00c7EREZ (COOKIE) POL\u0130T\u0130KASI<\/h1>\n<p>bir\u00e7ok internet sitesinde oldu\u011fu gibi Websitemizde de kullan\u0131c\u0131lar\u0131n ziyaret deneyimlerini iyile\u015ftirmek ve hizmet kalitesini art\u0131rmak amac\u0131yla \u00e7erez vb. teknolojiler kullan\u0131lmaktad\u0131r. \u00c7erez Politikas\u0131 internet sitesi kullan\u0131c\u0131lar\u0131n\u0131 \u00e7erezlere ve kullan\u0131lan \u00e7erez t\u00fcrlerine ili\u015fkin olarak bilgilendirmek ve \u00e7erez tercihlerinin nas\u0131l y\u00f6netilebilece\u011fi konular\u0131nda yol g\u00f6stermek amac\u0131yla haz\u0131rlanm\u0131\u015ft\u0131r.<\/p>\n<p>\u00c7erez kullan\u0131m\u0131n\u0131 onaylam\u0131yorsan\u0131z internet sitesine devam etmemenizi ya da \u00e7erez tercihlerinizi bu Politika\u2019da g\u00f6sterildi\u011fi \u015fekilde de\u011fi\u015ftirmenizi rica ederiz. \u00c7erezlere izin verilmemesi halinde internet sitesinin baz\u0131 \u00f6zelliklerinin i\u015flevselli\u011fini yitirebilece\u011fini hat\u0131rlatmak isteriz.<\/p>\n<p>&nbsp;<\/p>\n<h3>\u00c7EREZ(COOKIE) NED\u0130R?<\/h3>\n<p>\u00c7erez, bir internet sitesini ziyaret etti\u011finizde bilgisayar\u0131n\u0131zda ya da mobil cihaz\u0131n\u0131zda depolanan k\u00fc\u00e7\u00fck metin dosyalar\u0131d\u0131r. Bu dosyalarda IP adresiniz, oturum bilgileriniz, eri\u015fti\u011finiz sayfalar vb. veriler saklan\u0131r. \u00c7erezler sayesinde internet sitesi tercihleriniz hat\u0131rlanabilir, oturumunuzun a\u00e7\u0131k tutulmas\u0131 sa\u011flanabilir ya da size ilgilendi\u011finiz i\u00e7erik sunulabilir. \u00c7erezlere ili\u015fkin detayl\u0131 bilgi i\u00e7in www.aboutcookies.org ve www.allaboutcookies.org adreslerini ziyaret edebilirsiniz.<\/p>\n<p>&nbsp;<\/p>\n<h3>\u00c7EREZ T\u00dcRLER\u0130<\/h3>\n<p>\u00c7erezler mobil cihazlarda depolanma s\u00fcreleri ve kimin taraf\u0131ndan yerle\u015ftirildikleri gibi kriterlere g\u00f6re farkl\u0131 t\u00fcrlere ayr\u0131lmaktad\u0131r. Bu kriterler kapsam\u0131nda temel ayr\u0131m \u015fu \u015fekildedir:<\/p>\n<p>Oturum \u00c7erezleri: Oturum \u00e7erezleri, ge\u00e7ici \u00e7erezler olup taray\u0131c\u0131y\u0131 kapatt\u0131ktan sonra cihazdan silinirler. Bu \u00e7erezlerin ana i\u015flevi internet sitesinin d\u00fczg\u00fcn bir \u015fekilde \u00e7al\u0131\u015fmas\u0131n\u0131 sa\u011flamakt\u0131r.<\/p>\n<p>Kal\u0131c\u0131 \u00c7erezler: Kal\u0131c\u0131 \u00e7erezler taray\u0131c\u0131y\u0131 kapatt\u0131ktan sonra da kullan\u0131c\u0131 taraf\u0131ndan silininceye ya da s\u00fcresi doluncaya dek cihazda kalmaya devam ederler.<\/p>\n<p>Birinci Taraf \u00c7erezler: Birinci taraf \u00e7erezler ziyaret edilen internet sitesi operat\u00f6r\u00fc taraf\u0131ndan cihaza yerle\u015ftirilen \u00e7erezlerdir.<\/p>\n<p>\u00dc\u00e7\u00fcnc\u00fc Taraf \u00c7erezler: \u00dc\u00e7\u00fcnc\u00fc taraf \u00e7erezler ziyaret edilen internet sitesi operat\u00f6r\u00fc d\u0131\u015f\u0131ndaki ki\u015filer taraf\u0131ndan cihaza yerle\u015ftirilen ve kontrol edilen \u00e7erezlerdir.<\/p>\n<p>&nbsp;<\/p>\n<h3>\u0130NTERNET S\u0130TEM\u0130ZDE KULLANILAN \u00c7EREZLER<\/h3>\n<p>\u0130nternet sitemizde Gizlilik Politikas\u0131na uygun olarak farkl\u0131 t\u00fcrde \u00e7erezler kullan\u0131lmaktad\u0131r.<\/p>\n<p>Zorunlu \u00c7erezler: \u0130nternet sitesinin do\u011fru bir \u015fekilde \u00e7al\u0131\u015fmas\u0131n\u0131 sa\u011flayan ve \u00f6zelliklerini kullanman\u0131za imk\u00e2n veren teknik \u00e7erezlerdir. Oturum \u00e7erezi kategorisinde yer al\u0131rlar. Bu \u00e7erezlerin engellenmesi halinde internet sitesi \u00f6zelliklerinin kullan\u0131lamamas\u0131 sonucu do\u011far. Zorunlu \u00e7erezlerin kullan\u0131m\u0131 i\u00e7in onay\u0131n\u0131z gerekmemektedir.<\/p>\n<div class=\"table\">\n<table>\n<thead>\n<tr>\n<th>\u00c7erez \u0130smi<\/th>\n<th>Kullan\u0131m Amac\u0131<\/th>\n<\/tr>\n<\/thead>\n<tbody>\n<tr>\n<th>laravel_session<\/th>\n<td><i>Her taray\u0131c\u0131 oturumuna \u00f6zel olarak olu\u015fturulan benzersiz anahtar. Her oturuma benzersiz kimlik sa\u011flamak amac\u0131yla kullan\u0131l\u0131r.<\/i><\/td>\n<\/tr>\n<tr>\n<th>XSRF-TOKEN<\/th>\n<td><i>Taray\u0131c\u0131 taraf\u0131ndan sunuya g\u00f6nderilen isteklerin g\u00fcvenli\u011fini sa\u011flamak i\u00e7in kullan\u0131l\u0131r.<\/i><\/td>\n<\/tr>\n<tr>\n<th>current_shop_area_unique_id<\/th>\n<td><i>Ma\u011fazan\u0131n hizmet verdi\u011fi b\u00f6lgeler i\u00e7inden m\u00fc\u015fteri taraf\u0131ndan yap\u0131lan se\u00e7imi hat\u0131rlamak i\u00e7in kullan\u0131l\u0131r.<\/i><\/td>\n<\/tr>\n<tr>\n<th>delivery_type_id<\/th>\n<td><i>Sipari\u015f esnas\u0131nda se\u00e7ilen &#8220;Teslimat Se\u00e7ene\u011fi&#8221;ni bir dahaki sipari\u015fte hat\u0131rlamak i\u00e7in kullan\u0131l\u0131r.<\/i><\/td>\n<\/tr>\n<tr>\n<th>customer-confirmation<\/th>\n<td><i>Onaylanm\u0131\u015f m\u00fc\u015fterinin hat\u0131rlanmas\u0131 i\u00e7in kullan\u0131l\u0131r.<\/i><\/td>\n<\/tr>\n<tr>\n<th>last_order_unique_id<\/th>\n<td><i>M\u00fc\u015fterinin son verdi\u011fi sipari\u015fi takip edebilmesi i\u00e7in kullan\u0131l\u0131r.<\/i><\/td>\n<\/tr>\n<tr>\n<th>cookie-support<\/th>\n<td><i>Kullan\u0131c\u0131n\u0131n taray\u0131c\u0131s\u0131n\u0131n \u00e7erezleri destekleyip desteklemedi\u011fini kontrol etmek i\u00e7in kullan\u0131l\u0131r.<\/i><\/td>\n<\/tr>\n<tr>\n<th>cookie-consent<\/th>\n<td><i>Kullan\u0131c\u0131n\u0131n \u00e7erez tercihlerini hat\u0131rlamak i\u00e7in kullan\u0131l\u0131r.<\/i><\/td>\n<\/tr>\n<\/tbody>\n<\/table>\n<\/div>\n<p>Analitik \u00c7erezler: \u0130nternet sitesi deneyiminizi iyile\u015ftirmek amac\u0131yla analitik \u00e7erezler kullan\u0131l\u0131r. Analitik \u00e7erezler, internet sitesi nas\u0131l kulland\u0131\u011f\u0131n\u0131z\u0131 (\u00f6rn; hangi sayfalar\u0131 ziyaret etti\u011fini, ziyaret s\u00fcresini vb.) anlamam\u0131z\u0131 sa\u011flar. B\u00f6ylelikle sundu\u011fumuz i\u00e7erikleri geli\u015ftirebilir ya da internet sitesi tasar\u0131m\u0131n\u0131 de\u011fi\u015ftirebiliriz.<\/p>\n<div class=\"table\">\n<table>\n<thead>\n<tr>\n<th>\u00c7erez \u0130smi<\/th>\n<th>Kullan\u0131m Amac\u0131<\/th>\n<\/tr>\n<\/thead>\n<tbody>\n<tr>\n<th>_ga, _gid<\/th>\n<td><i>Kullan\u0131c\u0131n\u0131n internet sitesini nas\u0131l kulland\u0131\u011f\u0131na dair istatistiksel veriler olu\u015fturmak i\u00e7in kullan\u0131lan benzersiz bir ID\/kimlik kaydetmeye yarar.<\/i><\/td>\n<\/tr>\n<tr>\n<th>_gat<\/th>\n<td><i>Google Analytics taraf\u0131ndan istek oran\u0131n\u0131 kontrol etmek\/s\u0131n\u0131rland\u0131rmak i\u00e7in kullan\u0131l\u0131r.<\/i><\/td>\n<\/tr>\n<tr>\n<th>_ym_d, _ym_uid, yandexuid, i<\/th>\n<td><i>Kullan\u0131c\u0131lar\u0131 birbirinden ay\u0131rt etmek ve kullan\u0131c\u0131n\u0131n web sitesindeki davran\u0131\u015flar\u0131n\u0131 incelemek i\u00e7in kullan\u0131l\u0131r.<\/i><\/td>\n<\/tr>\n<tr>\n<th>ymex<\/th>\n<td><i>Ziyaret\u00e7ilerin web sitesi davran\u0131\u015flar\u0131 hakk\u0131ndaki verileri kaydeder. Dahili analizler ve web sitesi optimizasyonu i\u00e7in kullan\u0131l\u0131r.<\/i><\/td>\n<\/tr>\n<tr>\n<th>gdpr, is_gdpr, is_gdpr_b<\/th>\n<td><i>Yandex Metrica taraf\u0131ndan ziyaret\u00e7inin site sayfalar\u0131ndaki davran\u0131\u015flar\u0131 hakk\u0131nda bilgi toplamak i\u00e7in kullan\u0131l\u0131r.<\/i><\/td>\n<\/tr>\n<\/tbody>\n<\/table>\n<\/div>\n<p>\u0130\u015flevsellik \u00c7erezleri: \u0130nternet sitesini tekrar ziyaret etti\u011finizde dil tercihlerinizin, b\u00f6lge se\u00e7iminizin vb. hat\u0131rlanmas\u0131na olanak sa\u011flar.<\/p>\n<p>Hedefleme\/Reklam \u00c7erezleri: internet sitesinde hedefleme ve reklam amac\u0131yla farkl\u0131 birinci taraf ve \u00fc\u00e7\u00fcnc\u00fc taraf \u00e7erezler kullan\u0131labilmektedir. Bu \u00e7erezleri taray\u0131c\u0131n\u0131z\u0131n ayarlar\u0131n\u0131 de\u011fi\u015ftirerek ya da bu Politika\u2019da g\u00f6sterildi\u011fi \u015fekilde \u00e7erez tercihlerini de\u011fi\u015ftirerek engellemeniz m\u00fcmk\u00fcnd\u00fcr.<\/p>\n<div class=\"table\">\n<table>\n<thead>\n<tr>\n<th>\u00c7erez \u0130smi<\/th>\n<th>Kullan\u0131m Amac\u0131<\/th>\n<\/tr>\n<\/thead>\n<tbody>\n<tr>\n<th>_fbp, fr, tr<\/th>\n<td><i>Facebook taraf\u0131ndan, reklamlar\u0131n ilgi d\u00fczeyini \u00f6l\u00e7mek, iyile\u015ftirmek ve \u00fc\u00e7\u00fcnc\u00fc taraf reklam verenlerden ger\u00e7ek zamanl\u0131 teklif verme gibi reklam \u00fcr\u00fcnlerini sunmak i\u00e7in kullan\u0131l\u0131r.<\/i><\/td>\n<\/tr>\n<tr>\n<th>_gcl_au<\/th>\n<td><i>Google AdSense taraf\u0131ndan, Google AdSense hizmetlerini kullanan internet sitelerindeki reklam verimlili\u011fini \u00f6l\u00e7\u00fcmlemek i\u00e7in kullan\u0131l\u0131r.<\/i><\/td>\n<\/tr>\n<tr>\n<th>ads\/ga-audiences<\/th>\n<td><i>Google AdWords taraf\u0131ndan, kullan\u0131c\u0131n\u0131n internet sitesindeki \u00e7evrimi\u00e7i davran\u0131\u015f\u0131na g\u00f6re, m\u00fc\u015fteriye d\u00f6n\u00fc\u015fme olas\u0131l\u0131\u011f\u0131 y\u00fcksek olan kullan\u0131c\u0131 ile yeniden etkile\u015fim kurmak i\u00e7in kullan\u0131l\u0131r.<\/i><\/td>\n<\/tr>\n<tr>\n<th>IDE<\/th>\n<td><i>Google DoubleClick taraf\u0131ndan, bir reklam\u0131n etkinli\u011fini \u00f6l\u00e7mek ve kullan\u0131c\u0131ya hedeflenmi\u015f reklamlar sunmak amac\u0131yla, reklamverenin reklamlar\u0131ndan birini g\u00f6r\u00fcnt\u00fcledikten veya t\u0131klad\u0131ktan sonra internet sitesi kullan\u0131c\u0131s\u0131n\u0131n hareketlerini kaydetmek ve raporlamak i\u00e7in kullan\u0131l\u0131r.<\/i><\/td>\n<\/tr>\n<tr>\n<th>pagead\/1p-conversion\/# &#8211; pagead\/1p-user-list\/#<\/th>\n<td><i>Google taraf\u0131ndan hedefli reklam faaliyetleri i\u00e7in kullan\u0131lan \u00e7erezlerdir.<\/i><\/td>\n<\/tr>\n<\/tbody>\n<\/table>\n<\/div>\n<p>&nbsp;<\/p>\n<h3>\u00c7EREZ TERC\u0130HLER\u0130N\u0130Z\u0130 NASIL DE\u011e\u0130\u015eT\u0130REB\u0130L\u0130RS\u0130N\u0130Z?<\/h3>\n<p>\u00c7erezleri kulland\u0131\u011f\u0131n\u0131z taray\u0131c\u0131n\u0131n ayarlar\u0131n\u0131 de\u011fi\u015ftirerek ki\u015fiselle\u015ftirmeniz ya da tamamen engellemeniz m\u00fcmk\u00fcnd\u00fcr. Farkl\u0131 taray\u0131c\u0131lar i\u00e7in izlenmesi gereken ad\u0131mlara ili\u015fkin detayl\u0131 bilgiye a\u015fa\u011f\u0131daki linklerden ula\u015fabilirsiniz:<\/p>\n<p>Google Chrome\u00a0<a href=\"https:\/\/support.google.com\/chrome\/answer\/95647?co=GENIE.Platform%3DDesktop&amp;hl=tr\">https:\/\/support.google.com\/chrome\/answer\/95647?co=GENIE.Platform%3DDesktop&amp;hl=tr<\/a><\/p>\n<p>Internet Explorer\u00a0<a href=\"https:\/\/support.microsoft.com\/tr-tr\/help\/17442\/windows-internet-explorer-delete-manage-cookies\">https:\/\/support.microsoft.com\/tr-tr\/help\/17442\/windows-internet-explorer-delete-manage-cookies<\/a><\/p>\n<p>Mozilla Firefox\u00a0<a href=\"https:\/\/support.mozilla.org\/tr\/kb\/cerezleri-silme-internet-sitelerinin-bilgilerini-kaldirma\">https:\/\/support.mozilla.org\/tr\/kb\/cerezleri-silme-internet-sitelerinin-bilgilerini-kaldirma<\/a><\/p>\n<p>Yandex\u00a0<a href=\"https:\/\/yandex.com.tr\/support\/browser-classic\/personal-data-protection\/cookies.xml\">https:\/\/yandex.com.tr\/support\/browser-classic\/personal-data-protection\/cookies.xml<\/a><\/p>\n<p>Safari\u00a0<a href=\"https:\/\/support.apple.com\/kb\/PH21411?locale=tr_TR\">https:\/\/support.apple.com\/kb\/PH21411?locale=tr_TR<\/a><\/p>\n<p>\u00c7erez tercihlerinizi de\u011fi\u015ftirmek i\u00e7in\u00a0<button class=\"btn btn-link toggleCookiePreferences\" type=\"button\">\u00c7erez Ayarlar\u0131<\/button><\/p>\n<p>Di\u011fer taray\u0131c\u0131larda \u00e7erez tercihlerini y\u00f6netmek i\u00e7in ilgili taray\u0131c\u0131n\u0131n yard\u0131m veya destek sayfas\u0131n\u0131 inceleyebilirsiniz.\n<\/p><\/div>\n<\/div>\n","protected":false},"excerpt":{"rendered":"<p>\u00c7EREZ (COOKIE) POL\u0130T\u0130KASI bir\u00e7ok internet sitesinde oldu\u011fu gibi Websitemizde de kullan\u0131c\u0131lar\u0131n ziyaret deneyimlerini iyile\u015ftirmek ve hizmet kalitesini art\u0131rmak amac\u0131yla \u00e7erez vb. teknolojiler kullan\u0131lmaktad\u0131r. \u00c7erez Politikas\u0131 internet sitesi kullan\u0131c\u0131lar\u0131n\u0131 \u00e7erezlere ve kullan\u0131lan \u00e7erez t\u00fcrlerine ili\u015fkin olarak bilgilendirmek ve \u00e7erez tercihlerinin nas\u0131l y\u00f6netilebilece\u011fi konular\u0131nda yol g\u00f6stermek amac\u0131yla haz\u0131rlanm\u0131\u015ft\u0131r. \u00c7erez kullan\u0131m\u0131n\u0131 onaylam\u0131yorsan\u0131z internet sitesine devam etmemenizi ya da [&#8230;]\n","protected":false},"author":1,"featured_media":0,"parent":0,"menu_order":0,"comment_status":"closed","ping_status":"closed","template":"","meta":{"footnotes":""},"class_list":["post-253","page","type-page","status-publish","hentry"],"_links":{"self":[{"href":"https:\/\/www.opilav.com\/siparis\/wp-json\/wp\/v2\/pages\/253","targetHints":{"allow":["GET"]}}],"collection":[{"href":"https:\/\/www.opilav.com\/siparis\/wp-json\/wp\/v2\/pages"}],"about":[{"href":"https:\/\/www.opilav.com\/siparis\/wp-json\/wp\/v2\/types\/page"}],"author":[{"embeddable":true,"href":"https:\/\/www.opilav.com\/siparis\/wp-json\/wp\/v2\/users\/1"}],"replies":[{"embeddable":true,"href":"https:\/\/www.opilav.com\/siparis\/wp-json\/wp\/v2\/comments?post=253"}],"version-history":[{"count":2,"href":"https:\/\/www.opilav.com\/siparis\/wp-json\/wp\/v2\/pages\/253\/revisions"}],"predecessor-version":[{"id":255,"href":"https:\/\/www.opilav.com\/siparis\/wp-json\/wp\/v2\/pages\/253\/revisions\/255"}],"wp:attachment":[{"href":"https:\/\/www.opilav.com\/siparis\/wp-json\/wp\/v2\/media?parent=253"}],"curies":[{"name":"wp","href":"https:\/\/api.w.org\/{rel}","templated":true}]}}