{"id":3,"date":"2022-04-13T12:18:53","date_gmt":"2022-04-13T09:18:53","guid":{"rendered":"https:\/\/www.opilav.com\/siparis\/?page_id=3"},"modified":"2022-04-18T15:12:55","modified_gmt":"2022-04-18T12:12:55","slug":"gizlilik-politikasi","status":"publish","type":"page","link":"https:\/\/www.opilav.com\/siparis\/gizlilik-politikasi\/","title":{"rendered":"Gizlilik Politikas\u0131"},"content":{"rendered":"<div class=\"container-grids general-site\">\n<div class=\"row-grids\">\n<h1>G\u0130ZL\u0130L\u0130K POL\u0130T\u0130KASI<\/h1>\n<p>Kullan\u0131c\u0131lar\u0131m\u0131z\u0131n gizlili\u011fine sayg\u0131 duyuyoruz. Bu Gizlilik Politikas\u0131 https:\/\/www.opilav.com\/ ile ba\u011flant\u0131l\u0131 olarak toplanan bilgilerle ilgili gizlilik uygulamalar\u0131m\u0131z\u0131 a\u00e7\u0131klamaktad\u0131r.<\/p>\n<p>Bu Politika, https:\/\/www.opilav.com\/ ilgili ki\u015fisel ve di\u011fer bilgileri toplad\u0131\u011f\u0131, kulland\u0131\u011f\u0131 ve a\u00e7\u0131klad\u0131\u011f\u0131 ko\u015fullar\u0131 ve bu bilgilerle ilgili haklar\u0131n\u0131z\u0131 a\u00e7\u0131klamay\u0131 ama\u00e7lamaktad\u0131r. Sitelerimizi ziyaret ederek bu Politikan\u0131n \u015fartlar\u0131n\u0131 kabul etmi\u015f olursunuz.<\/p>\n<p>Hakk\u0131n\u0131zda hangi ki\u015fisel ve di\u011fer bilgileri topluyoruz?<br \/>\nhttps:\/\/www.opilav.com\/, Platform kullan\u0131c\u0131lar\u0131 hakk\u0131nda hem \u201cki\u015fisel bilgiler\u201d hem de \u201cki\u015fisel olmayan bilgiler\u201d toplar. Bu Politikan\u0131n ama\u00e7lar\u0131 do\u011frultusunda, \u201cki\u015fisel olmayan bilgiler\u201d, https:\/\/www.opilav.com\/ \u2018un ek bilgi yard\u0131m\u0131 olmadan belirli bir ki\u015fiyle do\u011frudan ili\u015fki kuramayaca\u011f\u0131 bir bilgidir. Buna kar\u015f\u0131l\u0131k, \u201cki\u015fisel bilgiler\u201d, https:\/\/www.opilav.com\/ \u2018un ek bir bilgi vermeden do\u011frudan belirli bir ki\u015fi veya kurumla ili\u015fkilendirebilece\u011fi bir ad,telefon veya e-posta adresi gibi bilgilerdir. Ki\u015fisel olmayan bilgileri ki\u015fisel bilgilerle birle\u015ftirdi\u011fimizde, birle\u015ftirilmi\u015f bilgilerin t\u00fcm\u00fcn\u00fc ki\u015fisel bilgi olarak de\u011ferlendiririz.<\/p>\n<p>Ki\u015fisel bilgi: Siteleri ziyaret edebilir ve herhangi bir ki\u015fisel bilgi g\u00f6ndermeden temalar\u0131m\u0131z hakk\u0131nda genel bilgileri alabilirsiniz. Ancak, uzmanlar\u0131m\u0131z ile ileti\u015fime ge\u00e7mek i\u00e7in ki\u015fisel bilgilerinizi vermeniz istenecektir(Ad Soyad, Telefon, E-posta vb.).<\/p>\n<p>Analitik ve reklam<br \/>\nGoogle Analytics<br \/>\nBu web sitesi analitik web hizmeti olarak Google Analytics kullan\u0131r. \u0130\u015fletmesi Google Ireland Limited, Gordon House, Barrow Street, Dublin 4, Ireland taraf\u0131ndan yap\u0131l\u0131r.<\/p>\n<p>Google Analytics \u00e7erez kullanmaktad\u0131r. Bunlar bilgisayar\u0131n\u0131zda kaydedilen ve web sitesinin sizin taraf\u0131n\u0131zdan kullan\u0131m\u0131n\u0131n analizine imkan tan\u0131yan metin dosyalar\u0131d\u0131r. Bu web sitesinin kullan\u0131m\u0131 ile ilgili olarak \u00e7erez taraf\u0131ndan olu\u015fturulan bilgi genelde ABD\u2019de bulunan bir Google sunucusuna iletilir ve orada saklan\u0131r.<\/p>\n<p>Google Analytics \u00e7erezleri i\u00e7in saklama temeli GDPR Mad. 6 (1) (f)\u2019dir. Web sitesi i\u015fletmecisi web sitesini ve reklam i\u015flemlerini optimize etmek amac\u0131yla kullan\u0131c\u0131 davran\u0131\u015f\u0131n\u0131 analiz etme konusunda me\u015fru bir faydaya sahiptir.<\/p>\n<p>Google Tag Manager<br \/>\n\u0130zleme ve analitik i\u00e7in Google Tag Manager (GTM) kullanmaktay\u0131z. GTM herhangi bir ki\u015fisel veri toplamaz. Bu, etiketlerin k\u00fc\u00e7\u00fck par\u00e7alar\u0131n\u0131 otomatik olarak g\u00fcncelleyen ve dolay\u0131s\u0131yla hassas bilgileri toplayabilecek bir ara\u00e7t\u0131r. GTM bu verileri kullanmaz. Ancak, \u00e7erezleri reddetmi\u015f olsan\u0131z veya URL tabanl\u0131 oturum izlemeyi devreden \u00e7\u0131karm\u0131\u015f olsan\u0131z da, GTM taraf\u0131ndan y\u00f6netilen etiketler halen devrede kalacakt\u0131r. Detaylar i\u00e7in bkz. https:\/\/www.google.com\/analytics\/tag-manager\/use-policy\/.<\/p>\n<p>Google DoubleClick<br \/>\nGoogle Ireland Limited, Gordon House, Barrow Street, Dublin 4, Ireland taraf\u0131ndan sunulan bir reklam sunma hizmeti olan DoubleClick kullan\u0131yoruz. Google DoubleClick reklamlar\u0131 ki\u015fiselle\u015ftirmek i\u00e7in \u00e7erezler kullan\u0131r. Taray\u0131c\u0131n\u0131za sunulan reklamlar\u0131 ve hangilerinize t\u0131klam\u0131\u015f oldu\u011funuzu izlemek i\u00e7in kullan\u0131lan bir takma ID atan\u0131r. \u00c7erezler Google ve ortaklar\u0131n\u0131n bizimki de dahil olmak \u00fczere web sitelerinde gezinme davran\u0131\u015flar\u0131n\u0131z\u0131 baz alan reklamlar\u0131 se\u00e7mesine ve g\u00f6r\u00fcnt\u00fclemesine imkan tan\u0131r. Bunlar herhangi bir ki\u015fisel detay toplamaz. Toplanan bilgiler Google\u2019nin ABD\u2019de bulunan ana sistemine transfer edilir. Google Avrupa Birli\u011fi ve ABD Ticaret Bakanl\u0131\u011f\u0131 taraf\u0131ndan uygulanan Gizlilik Koruma \u00e7er\u00e7evesine tamamen uygun hareket eder. Google bu bilgileri kanunen gerekli olmad\u0131\u011f\u0131 s\u00fcrece veya m\u00fc\u015fterinin istedi\u011fi veri i\u015fleme amac\u0131 d\u0131\u015f\u0131nda \u00fc\u00e7\u00fcnc\u00fc partilere aktarmaz. Ayr\u0131ca bilgiler Google taraf\u0131ndan toplanan ba\u015fka hi\u00e7bir veri ile ili\u015fkilendirilmeyecektir. Web sitemizi kullanarak Google\u2019nin yukar\u0131da bahsi ge\u00e7en ama\u00e7larla ve kapsamda bilgileri toplayaca\u011f\u0131n\u0131 ve i\u015fleyece\u011fini kabul etmi\u015f say\u0131l\u0131rs\u0131n\u0131z.<\/p>\n<p>E\u011fer Google\u2019nin \u00e7erezler kullanmas\u0131n\u0131 kabul etmiyorsan\u0131z, taray\u0131c\u0131 ayarlar\u0131n\u0131z\u0131 \u00e7erezleri reddedecek \u015fekilde de\u011fi\u015ftirebilirsiniz. Ancak \u00e7erezlerin reddedilmesi web sayfas\u0131n\u0131n belirli fonksiyonel k\u0131s\u0131mlar\u0131n\u0131n size sunulamayabilece\u011fi anlam\u0131na gelir. Ek olarak, DoubleClick\u2019i devreden \u00e7\u0131karan bir taray\u0131c\u0131 eklentisini indirerek verilerin Google taraf\u0131ndan toplanmas\u0131na, transfer edilmesine ve i\u015flenmesine itiraz edebilirsiniz. Alternatif olarak, Digital Advertising Alliance web sayfas\u0131na giderek DoubleClick\u2019i devreden \u00e7\u0131karabilirsiniz, http:\/\/optout.aboutads.info<\/p>\n<p>Google AdWords D\u00f6n\u00fc\u015f\u00fcm \u0130zleme<br \/>\nBu web sitesi Google Ireland Limited, Gordon House, Barrow Street, Dublin 4, Ireland taraf\u0131ndan sunulan reklam d\u00f6n\u00fc\u015f\u00fcm izleme hizmetlerini kullan\u0131r. Google gezinme davran\u0131\u015flar\u0131n\u0131z\u0131 analiz etmek i\u00e7in bilgisayar\u0131n\u0131zda olu\u015fturulan \u00e7erezleri kullan\u0131r. D\u00f6n\u00fc\u015f\u00fcm izleme \u00e7erezleri Google taraf\u0131ndan sunulan reklamlardan birine t\u0131klaman\u0131z sonucunda olu\u015fturulur. D\u00f6n\u00fc\u015f\u00fcm izleme i\u00e7in kullan\u0131lan \u00e7erezler herhangi bir ki\u015fisel bilgiyi toplamaz. E\u011fer gezinme i\u015flemlerinizin Google taraf\u0131ndan izlenmesine onay vermiyorsan\u0131z, googleadservices.com adresinden gelen t\u00fcm \u00e7erezlerin bloke edilmesi i\u00e7in taray\u0131c\u0131 ayarlar\u0131n\u0131z\u0131 de\u011fi\u015ftirebilirsiniz. Ayr\u0131ca http:\/\/www.networkadvertising.org\/choices\/ adresini ziyaret ederek izleme d\u0131\u015f\u0131na \u00e7\u0131kma hakk\u0131n\u0131z\u0131 kullanabilirsiniz. D\u00f6n\u00fc\u015f\u00fcm izlemenin nas\u0131l \u00e7al\u0131\u015ft\u0131\u011f\u0131 hakk\u0131nda daha fazla bilgi ve Google\u2019nin \u00e7erezleri baz alan bilgileri kullanmas\u0131n\u0131 nas\u0131l engelleyece\u011finiz konusundaki se\u00e7enekleriniz i\u00e7in https:\/\/www.google.com\/settings\/u\/0\/ads\/authenticated adresini inceleyin.<\/p>\n<p>D\u00f6n\u00fc\u015f\u00fcm \u00e7erezleri i\u00e7in saklama temeli GDPR Mad. 6 (1) (f)\u2019dir. Web sitesi i\u015fletmecisi web sitesini ve reklam i\u015flemlerini optimize etmek amac\u0131yla kullan\u0131c\u0131 davran\u0131\u015f\u0131n\u0131 analiz etme konusunda me\u015fru bir faydaya sahiptir.<\/p>\n<p>Google AdWords ve Google D\u00f6n\u00fc\u015f\u00fcm \u0130zleme i\u00e7in Google Gizlilik Politikas\u0131\u2019na bak\u0131n: https:\/\/www.google.com\/policies\/privacy\/.<\/p>\n<p>Google Yeniden Pazarlama<br \/>\nGoogle Ireland Limited, Gordon House, Barrow Street, Dublin 4, Ireland taraf\u0131ndan sunulan bir yeniden pazarlama arac\u0131n\u0131 kullan\u0131yoruz. Ara\u00e7, Google Display Network kapsam\u0131nda bireysel ziyaret\u00e7i tercihlerini baz alarak reklamlar\u0131n ki\u015fiselle\u015ftirilmesine yard\u0131mc\u0131 olur. Web sitemizdeki en son ziyaretiniz s\u0131ras\u0131ndaki t\u0131klama davran\u0131\u015flar\u0131n\u0131z\u0131 baz alarak se\u00e7ilen reklamlar ile ilginizi \u00e7ekebilecek \u00fcr\u00fcnleri g\u00f6sterebilmek i\u00e7in bu otomatik hizmeti kullan\u0131yoruz. Hizmet, Google Display Network \u00fcyesi olan web sitelerini yeniden ziyaret etti\u011finizde tan\u0131nman\u0131za yard\u0131mc\u0131 olacak, bilgisayar\u0131n\u0131z \u00fczerinde olu\u015fturulan \u00e7erezleri kullan\u0131r. Bir \u00e7erez, web sitemizde gezinirken bilgisayar\u0131n\u0131zda olu\u015fturulan k\u00fc\u00e7\u00fck metin dosyas\u0131d\u0131r. Google URL talebinizi, IP adresinizi, taray\u0131c\u0131 tipinizi ve dil ile birlikte ziyaret tarihini ve saatini toplar. Bu bilgiler taray\u0131c\u0131n\u0131n bir bilgisayar \u00fczerinde tan\u0131mlanmas\u0131 i\u00e7in kullan\u0131l\u0131r, bu sayede Google Display Network\u2019un \u00f6nceki taray\u0131c\u0131 oturumlar\u0131n\u0131zda yeniden pazarlama arac\u0131n\u0131 kullanan web sitelerinde g\u00f6r\u00fcnt\u00fclenen i\u00e7eri\u011fi baz alan reklamlar\u0131n se\u00e7mesine ve g\u00f6stermesine imkan tan\u0131r. E\u011fer daha \u00f6nceden taray\u0131c\u0131 ge\u00e7mi\u015finizin ve Google hesab\u0131n\u0131z\u0131n senkronize edilmesini ( https:\/\/www.google.com\/settings\/u\/0\/ads\/authenticated) se\u00e7tiyseniz ve ki\u015fisel reklamlar\u0131n g\u00f6sterilmesi i\u00e7in Google hesap detaylar\u0131n\u0131z kullan\u0131l\u0131yorsa, Google\u2019nin yeniden pazarlama arac\u0131 \u00e7ok say\u0131da cihaz \u00fczerinde devreye al\u0131nacakt\u0131r. Bu Google\u2019nin sizi Google ID arac\u0131l\u0131\u011f\u0131yla \u00e7ok say\u0131da mobil cihazda tan\u0131mas\u0131na imkan tan\u0131r, ancak s\u00fcre\u00e7 i\u00e7erisinde herhangi bir ki\u015fisel veri toplanmaz. E\u011fer Google taraf\u0131ndan yeniden pazarlama arac\u0131nda kullan\u0131lmak \u00fczere bilgilerin toplanmas\u0131n\u0131 kabul etmiyorsan\u0131z http:\/\/www.google.com\/settings\/ads adresindeki Google reklam ayarlar\u0131nda gerekli de\u011fi\u015fiklikleri yaparak arac\u0131 devreden \u00e7\u0131karabilirsiniz.<\/p>\n<p>Custom Audience Pixel<br \/>\nFacebook Inc. taraf\u0131ndan sunulan bir hizmet olan Custom Audience Pixel\u2019i kullan\u0131yoruz ve bu sayede Facebook oturumlar\u0131 a\u00e7\u0131kken web sitemizi ziyaret eden ki\u015filere, ki\u015fiselle\u015ftirilmi\u015f reklamlar sunabiliyoruz. Bunu yapabilmek i\u00e7in belirli web sayfalar\u0131na Facebook sunucular\u0131na bir ba\u011flant\u0131 kuran ve Facebook\u2019a web sayfam\u0131z\u0131 ziyaret etti\u011finizi s\u00f6yleyen Facebook Pixel kod par\u00e7as\u0131n\u0131 ekledik. Facebook bu bilgileri sizin Facebook hesab\u0131n\u0131za ekler. Facebook\u2019un ki\u015fisel verilerinizi nas\u0131l toplad\u0131\u011f\u0131 ve kulland\u0131\u011f\u0131 ve hassas bilgilerinizi nas\u0131l koruyabilece\u011finiz hakk\u0131nda detaylar i\u00e7in l\u00fctfen https:\/\/www.facebook.com\/about\/privacy\/ adresinde bulunan Facebook gizlilik politikas\u0131na bak\u0131n. Alternatif olarak a\u015fa\u011f\u0131daki ba\u011flant\u0131y\u0131 kullanarak Facebook\u2019un ki\u015fiselle\u015ftirilmi\u015f reklamlar\u0131 g\u00f6stermesine itiraz edebilirsiniz: https:\/\/www.facebook.com\/settings\/?tab=ads#_=_.<\/p>\n<p>Facebook Pixel<br \/>\nFacebook Inc, 1601 S California Ave, Palo Alto, CA 94304, ABD taraf\u0131ndan i\u015fletilen sosyal a\u011f sayfalar\u0131ndaki reklamlar\u0131 optimize etmemize yard\u0131mc\u0131 olan bir Facebook arac\u0131 olan Pixel\u2019i kullan\u0131yoruz. \u201cFacebook Pixel kullan\u0131m\u0131n\u0131 kabul ediyorum\u201d se\u00e7imini yaparak bu arac\u0131n kullan\u0131m\u0131n\u0131 kabul ettiniz. Facebook Pixel, pazarlama ara\u015ft\u0131rmas\u0131 kapsam\u0131nda Facebook \u00fczerinde g\u00f6r\u00fcnt\u00fclenen reklamlar\u0131n istatistiksel analizini ve etki de\u011ferlendirmesini destekler. Sadece ziyaret\u00e7ilerin tan\u0131mlanamayaca\u011f\u0131 ki\u015fiselle\u015ftirmeden ar\u0131nd\u0131r\u0131lm\u0131\u015f verileri al\u0131yoruz. Ancak, veriler Facebook taraf\u0131ndan sakland\u0131\u011f\u0131 ve i\u015flendi\u011fi i\u00e7in bu Facebook\u2019un bilgileri kullan\u0131c\u0131 profilleri ile ili\u015fkilendirmesine ve bunlar\u0131 kendi pazarlama faaliyetleri i\u00e7in kullanmas\u0131na imkan tan\u0131r (https:\/\/www.facebook.com\/about\/privacy\/ adresinden Facebook Gizlilik Politikas\u0131\u2019na bakabilirsiniz). Buna bilgisayar\u0131n\u0131zda olu\u015fturulmu\u015f olan bir \u00e7erez dahil olabilir.<\/p>\n<p>Eklentiler ve ara\u00e7lar<br \/>\nYouTube<br \/>\nWeb sitemiz Google taraf\u0131ndan i\u015fletilen YouTube eklentilerini kullan\u0131r. Sayfalar\u0131n i\u015fletmecisi YouTube LLC, 901 Cherry Ave., San Bruno, CA 94066, ABD\u2019dir.<\/p>\n<p>E\u011fer bir YouTube eklentisine sahip sayfalar\u0131m\u0131zdan birini ziyaret ederseniz, YouTube sunucular\u0131na bir ba\u011flant\u0131 kurulur. Burada YouTube sunucusuna hangi sayfalar\u0131 ziyaret etti\u011finiz hakk\u0131nda bilgi verilir.<\/p>\n<p>E\u011fer kendi YouTube hesab\u0131n\u0131zda oturum a\u00e7t\u0131ysan\u0131z, YouTube gezinme davran\u0131\u015f\u0131n\u0131z\u0131 do\u011frudan ki\u015fisel profiliniz ile ili\u015fkilendirmenize imkan tan\u0131r. Bunu YouTube hesab\u0131n\u0131zdaki oturumu kapatarak engelleyebilirsiniz.<\/p>\n<p>YouTube web sitemizi daha \u00e7ekici hale getirmeye yard\u0131mc\u0131 olmak i\u00e7in kullan\u0131lmaktad\u0131r. Bu GDPR Mad. 6 (1) (f)\u2019ye g\u00f6re hakl\u0131 bir fayda olarak de\u011ferlendirilmektedir.<\/p>\n<p>Kullan\u0131c\u0131 verilerinin i\u015flenmesi ile ilgili daha fazla bilgi https:\/\/www.google.com\/intl\/en\/policies\/privacy adresinde YouTube veri koruma deklarasyonu i\u00e7erisinde bulunabilir.\n<\/p><\/div>\n<\/div>\n","protected":false},"excerpt":{"rendered":"<p>G\u0130ZL\u0130L\u0130K POL\u0130T\u0130KASI Kullan\u0131c\u0131lar\u0131m\u0131z\u0131n gizlili\u011fine sayg\u0131 duyuyoruz. Bu Gizlilik Politikas\u0131 https:\/\/www.opilav.com\/ ile ba\u011flant\u0131l\u0131 olarak toplanan bilgilerle ilgili gizlilik uygulamalar\u0131m\u0131z\u0131 a\u00e7\u0131klamaktad\u0131r. Bu Politika, https:\/\/www.opilav.com\/ ilgili ki\u015fisel ve di\u011fer bilgileri toplad\u0131\u011f\u0131, kulland\u0131\u011f\u0131 ve a\u00e7\u0131klad\u0131\u011f\u0131 ko\u015fullar\u0131 ve bu bilgilerle ilgili haklar\u0131n\u0131z\u0131 a\u00e7\u0131klamay\u0131 ama\u00e7lamaktad\u0131r. Sitelerimizi ziyaret ederek bu Politikan\u0131n \u015fartlar\u0131n\u0131 kabul etmi\u015f olursunuz. Hakk\u0131n\u0131zda hangi ki\u015fisel ve di\u011fer bilgileri topluyoruz? [&#8230;]\n","protected":false},"author":1,"featured_media":0,"parent":0,"menu_order":0,"comment_status":"closed","ping_status":"closed","template":"","meta":{"footnotes":""},"class_list":["post-3","page","type-page","status-publish","hentry"],"_links":{"self":[{"href":"https:\/\/www.opilav.com\/siparis\/wp-json\/wp\/v2\/pages\/3","targetHints":{"allow":["GET"]}}],"collection":[{"href":"https:\/\/www.opilav.com\/siparis\/wp-json\/wp\/v2\/pages"}],"about":[{"href":"https:\/\/www.opilav.com\/siparis\/wp-json\/wp\/v2\/types\/page"}],"author":[{"embeddable":true,"href":"https:\/\/www.opilav.com\/siparis\/wp-json\/wp\/v2\/users\/1"}],"replies":[{"embeddable":true,"href":"https:\/\/www.opilav.com\/siparis\/wp-json\/wp\/v2\/comments?post=3"}],"version-history":[{"count":3,"href":"https:\/\/www.opilav.com\/siparis\/wp-json\/wp\/v2\/pages\/3\/revisions"}],"predecessor-version":[{"id":263,"href":"https:\/\/www.opilav.com\/siparis\/wp-json\/wp\/v2\/pages\/3\/revisions\/263"}],"wp:attachment":[{"href":"https:\/\/www.opilav.com\/siparis\/wp-json\/wp\/v2\/media?parent=3"}],"curies":[{"name":"wp","href":"https:\/\/api.w.org\/{rel}","templated":true}]}}