{"id":328,"date":"2023-10-19T14:44:07","date_gmt":"2023-10-19T11:44:07","guid":{"rendered":"https:\/\/www.opilav.com\/siparis\/?post_type=product&#038;p=328"},"modified":"2024-10-03T12:08:23","modified_gmt":"2024-10-03T09:08:23","slug":"hayir-pilavi","status":"publish","type":"product","link":"https:\/\/www.opilav.com\/siparis\/menu\/hayir-pilavi\/","title":{"rendered":"HAYIR P\u0130LAVI"},"content":{"rendered":"<p>en az sipari\u015f adeti 50 adettir<\/p>\n<p>S\u0130PAR\u0130\u015e S\u0130TEM\u0130ZDEN VEREB\u0130L\u0130R KARTLA \u00d6DEYEB\u0130L\u0130RS\u0130N\u0130Z<\/p>\n<p>250 gr tavuklu\u00a0 pilav +ayran fiyat\u0131d\u0131r.<\/p>\n<p>\u0130STER 100 K\u0130\u015e\u0130L\u0130K \u0130STER 10000 K\u0130\u015e\u0130L\u0130K<br \/>\nMEVL\u00dcT VE \u00d6ZEL G\u00dcNLER\u0130N\u0130ZDE 1 TELEFON KADAR YAKININIZDA OLDU\u011eUMUZU UNUTMAYIN \u0130STERSEN\u0130Z HAZIR PAKETLENM\u0130\u015e S\u0130ZE GET\u0130REL\u0130M \u0130STERSEN\u0130Z G\u00d6NDERECE\u011e\u0130M\u0130Z PERSONELLERLE SERV\u0130S\u0130N\u0130Z\u0130 YAPALIM.<\/p>\n","protected":false},"excerpt":{"rendered":"<div id='gallery-1' class='gallery galleryid-328 gallery-columns-3 gallery-size-thumbnail'><figure class='gallery-item'>\n\t\t\t<div class='gallery-icon landscape'>\n\t\t\t\t<a href='https:\/\/www.opilav.com\/siparis\/?attachment_id=330#main'><img width=\"150\" height=\"150\" src=\"https:\/\/www.opilav.com\/siparis\/wp-content\/uploads\/2023\/10\/hayir-pilavi-pos-150x150.jpg\" class=\"attachment-thumbnail size-thumbnail\" alt=\"Hay\u0131r pilav\u0131\" decoding=\"async\" loading=\"lazy\" srcset=\"https:\/\/www.opilav.com\/siparis\/wp-content\/uploads\/2023\/10\/hayir-pilavi-pos-150x150.jpg 150w, https:\/\/www.opilav.com\/siparis\/wp-content\/uploads\/2023\/10\/hayir-pilavi-pos-300x300.jpg 300w, https:\/\/www.opilav.com\/siparis\/wp-content\/uploads\/2023\/10\/hayir-pilavi-pos-768x768.jpg 768w, https:\/\/www.opilav.com\/siparis\/wp-content\/uploads\/2023\/10\/hayir-pilavi-pos-600x600.jpg 600w, https:\/\/www.opilav.com\/siparis\/wp-content\/uploads\/2023\/10\/hayir-pilavi-pos-100x100.jpg 100w, https:\/\/www.opilav.com\/siparis\/wp-content\/uploads\/2023\/10\/hayir-pilavi-pos.jpg 1024w\" sizes=\"auto, (max-width: 150px) 100vw, 150px\" \/><\/a>\n\t\t\t<\/div><\/figure><figure class='gallery-item'>\n\t\t\t<div class='gallery-icon landscape'>\n\t\t\t\t<a href='https:\/\/www.opilav.com\/siparis\/?attachment_id=331#main'><img width=\"150\" height=\"150\" src=\"https:\/\/www.opilav.com\/siparis\/wp-content\/uploads\/2023\/10\/opilav-kase-150x150.jpg\" class=\"attachment-thumbnail size-thumbnail\" alt=\"\" decoding=\"async\" loading=\"lazy\" srcset=\"https:\/\/www.opilav.com\/siparis\/wp-content\/uploads\/2023\/10\/opilav-kase-150x150.jpg 150w, https:\/\/www.opilav.com\/siparis\/wp-content\/uploads\/2023\/10\/opilav-kase-100x100.jpg 100w\" sizes=\"auto, (max-width: 150px) 100vw, 150px\" \/><\/a>\n\t\t\t<\/div><\/figure>\n\t\t<\/div>\n\n<p><img loading=\"lazy\" decoding=\"async\" class=\"alignnone size-medium wp-image-183\" src=\"https:\/\/www.opilav.com\/siparis\/wp-content\/uploads\/2022\/04\/mobil-oplav-logo-300x300.png\" alt=\"\" width=\"300\" height=\"300\" srcset=\"https:\/\/www.opilav.com\/siparis\/wp-content\/uploads\/2022\/04\/mobil-oplav-logo-300x300.png 300w, https:\/\/www.opilav.com\/siparis\/wp-content\/uploads\/2022\/04\/mobil-oplav-logo-100x100.png 100w, https:\/\/www.opilav.com\/siparis\/wp-content\/uploads\/2022\/04\/mobil-oplav-logo-150x150.png 150w, https:\/\/www.opilav.com\/siparis\/wp-content\/uploads\/2022\/04\/mobil-oplav-logo.png 318w\" sizes=\"auto, (max-width: 300px) 100vw, 300px\" \/><\/p>\n","protected":false},"featured_media":330,"comment_status":"open","ping_status":"closed","template":"","meta":[],"product_cat":[15],"product_tag":[41,36,40,37,39,38],"class_list":["post-328","product","type-product","status-publish","has-post-thumbnail","hentry","product_cat-hayir-pilavi","product_tag-cenaze-pilavi","product_tag-hayirpilavi","product_tag-metlut-pilavi","product_tag-nisadugunyemekleri","product_tag-organizasyon-yemekleri","product_tag-organizasyonyemekleri"],"_links":{"self":[{"href":"https:\/\/www.opilav.com\/siparis\/wp-json\/wp\/v3\/product\/328","targetHints":{"allow":["GET"]}}],"collection":[{"href":"https:\/\/www.opilav.com\/siparis\/wp-json\/wp\/v3\/product"}],"about":[{"href":"https:\/\/www.opilav.com\/siparis\/wp-json\/wp\/v2\/types\/product"}],"replies":[{"embeddable":true,"href":"https:\/\/www.opilav.com\/siparis\/wp-json\/wp\/v2\/comments?post=328"}],"wp:featuredmedia":[{"embeddable":true,"href":"https:\/\/www.opilav.com\/siparis\/wp-json\/wp\/v2\/media\/330"}],"wp:attachment":[{"href":"https:\/\/www.opilav.com\/siparis\/wp-json\/wp\/v2\/media?parent=328"}],"wp:term":[{"taxonomy":"product_cat","embeddable":true,"href":"https:\/\/www.opilav.com\/siparis\/wp-json\/wp\/v2\/product_cat?post=328"},{"taxonomy":"product_tag","embeddable":true,"href":"https:\/\/www.opilav.com\/siparis\/wp-json\/wp\/v2\/product_tag?post=328"}],"curies":[{"name":"wp","href":"https:\/\/api.w.org\/{rel}","templated":true}]}}