{"id":336,"date":"2023-12-21T12:45:56","date_gmt":"2023-12-21T09:45:56","guid":{"rendered":"https:\/\/www.opilav.com\/siparis\/?post_type=product&#038;p=336"},"modified":"2024-10-06T13:06:35","modified_gmt":"2024-10-06T10:06:35","slug":"hayir-pilavi-menu-1","status":"publish","type":"product","link":"https:\/\/www.opilav.com\/siparis\/menu\/hayir-pilavi-menu-1\/","title":{"rendered":"Hay\u0131r Pilav\u0131 Men\u00fc 1"},"content":{"rendered":"<p>Hay\u0131r Pilav\u0131 Men\u00fc 1<\/p>\n<p>TAVUKLU P\u0130LAV (250 GR)+ SU B\u00d6RE\u011e\u0130 + 2 D\u0130L\u0130M BAKLAVA +\u00a0 \u00a0200 CC AYRAN\u00a0 +\u00c7ATAL KA\u015eIK ISLAK MEND\u0130L SERV\u0130S<\/p>\n<p>\u00d6ZENLE EN KAL\u0130TEL\u0130 MALZEMELERLE HAZIRLANIP SERV\u0130S ALAB\u0130LECE\u011e\u0130N\u0130Z O P\u0130LAV \u00dcR\u00dcNLER\u0130<\/p>\n","protected":false},"excerpt":{"rendered":"<p>Hay\u0131r Pilav\u0131 Men\u00fc 1 TAVUKLU P\u0130LAV (250 GR)+ SU B\u00d6RE\u011e\u0130 + 2 D\u0130L\u0130M BAKLAVA +\u00a0 \u00a0200 CC AYRAN\u00a0 +\u00c7ATAL KA\u015eIK ISLAK MEND\u0130L SERV\u0130S \u00d6ZENLE EN KAL\u0130TEL\u0130 MALZEMELERLE HAZIRLANIP SERV\u0130S ALAB\u0130LECE\u011e\u0130N\u0130Z O P\u0130LAV \u00dcR\u00dcNLER\u0130<\/p>\n","protected":false},"featured_media":337,"comment_status":"open","ping_status":"closed","template":"","meta":[],"product_cat":[15],"product_tag":[],"class_list":["post-336","product","type-product","status-publish","has-post-thumbnail","hentry","product_cat-hayir-pilavi"],"_links":{"self":[{"href":"https:\/\/www.opilav.com\/siparis\/wp-json\/wp\/v3\/product\/336","targetHints":{"allow":["GET"]}}],"collection":[{"href":"https:\/\/www.opilav.com\/siparis\/wp-json\/wp\/v3\/product"}],"about":[{"href":"https:\/\/www.opilav.com\/siparis\/wp-json\/wp\/v2\/types\/product"}],"replies":[{"embeddable":true,"href":"https:\/\/www.opilav.com\/siparis\/wp-json\/wp\/v2\/comments?post=336"}],"wp:featuredmedia":[{"embeddable":true,"href":"https:\/\/www.opilav.com\/siparis\/wp-json\/wp\/v2\/media\/337"}],"wp:attachment":[{"href":"https:\/\/www.opilav.com\/siparis\/wp-json\/wp\/v2\/media?parent=336"}],"wp:term":[{"taxonomy":"product_cat","embeddable":true,"href":"https:\/\/www.opilav.com\/siparis\/wp-json\/wp\/v2\/product_cat?post=336"},{"taxonomy":"product_tag","embeddable":true,"href":"https:\/\/www.opilav.com\/siparis\/wp-json\/wp\/v2\/product_tag?post=336"}],"curies":[{"name":"wp","href":"https:\/\/api.w.org\/{rel}","templated":true}]}}