{"id":342,"date":"2023-12-21T12:57:47","date_gmt":"2023-12-21T09:57:47","guid":{"rendered":"https:\/\/www.opilav.com\/siparis\/?post_type=product&#038;p=342"},"modified":"2024-10-06T13:07:08","modified_gmt":"2024-10-06T10:07:08","slug":"hayir-pilavi-menu-2","status":"publish","type":"product","link":"https:\/\/www.opilav.com\/siparis\/menu\/hayir-pilavi-menu-2\/","title":{"rendered":"Hay\u0131r Pilav\u0131 Men\u00fc 2"},"content":{"rendered":"<p>Hay\u0131r Pilav\u0131 Men\u00fc 2<\/p>\n<p>ETL\u0130 P\u0130LAV (250 GR) +SU B\u00d6RE\u011e\u0130 + BAKLAVA+ AYRAN 200CC +\u00c7ATAL KA\u015eIK MEND\u0130L\u00a0 SERV\u0130S<\/p>\n<p>\u00d6ZENLE EN KAL\u0130TEL\u0130 MALZEMELERLE HAZIRLANIP SERV\u0130S ALAB\u0130LECE\u011e\u0130N\u0130Z O P\u0130LAV \u00dcR\u00dcNLER\u0130<\/p>\n<p>M\u0130NUMUM S\u0130PAR\u0130\u015e 50 ADETT\u0130R\u00a0 \u00a0 S\u0130PAR\u0130\u015e\u0130N\u0130Z\u0130 D\u0130REK S\u0130TEM\u0130ZDEN VEREBEL\u0130R KARTLA \u00d6DEMEN\u0130Z\u0130 YAPAB\u0130L\u0130RS\u0130N\u0130Z<\/p>\n","protected":false},"excerpt":{"rendered":"<p>Hay\u0131r Pilav\u0131 Men\u00fc 2 ETL\u0130 P\u0130LAV (250 GR) +SU B\u00d6RE\u011e\u0130 + BAKLAVA+ AYRAN 200CC +\u00c7ATAL KA\u015eIK MEND\u0130L\u00a0 SERV\u0130S \u00d6ZENLE EN KAL\u0130TEL\u0130 MALZEMELERLE HAZIRLANIP SERV\u0130S ALAB\u0130LECE\u011e\u0130N\u0130Z O P\u0130LAV \u00dcR\u00dcNLER\u0130 M\u0130NUMUM S\u0130PAR\u0130\u015e 50 ADETT\u0130R\u00a0 \u00a0 S\u0130PAR\u0130\u015e\u0130N\u0130Z\u0130 D\u0130REK S\u0130TEM\u0130ZDEN VEREBEL\u0130R KARTLA \u00d6DEMEN\u0130Z\u0130 YAPAB\u0130L\u0130RS\u0130N\u0130Z<\/p>\n","protected":false},"featured_media":340,"comment_status":"open","ping_status":"closed","template":"","meta":[],"product_cat":[15],"product_tag":[],"class_list":["post-342","product","type-product","status-publish","has-post-thumbnail","hentry","product_cat-hayir-pilavi"],"_links":{"self":[{"href":"https:\/\/www.opilav.com\/siparis\/wp-json\/wp\/v3\/product\/342","targetHints":{"allow":["GET"]}}],"collection":[{"href":"https:\/\/www.opilav.com\/siparis\/wp-json\/wp\/v3\/product"}],"about":[{"href":"https:\/\/www.opilav.com\/siparis\/wp-json\/wp\/v2\/types\/product"}],"replies":[{"embeddable":true,"href":"https:\/\/www.opilav.com\/siparis\/wp-json\/wp\/v2\/comments?post=342"}],"wp:featuredmedia":[{"embeddable":true,"href":"https:\/\/www.opilav.com\/siparis\/wp-json\/wp\/v2\/media\/340"}],"wp:attachment":[{"href":"https:\/\/www.opilav.com\/siparis\/wp-json\/wp\/v2\/media?parent=342"}],"wp:term":[{"taxonomy":"product_cat","embeddable":true,"href":"https:\/\/www.opilav.com\/siparis\/wp-json\/wp\/v2\/product_cat?post=342"},{"taxonomy":"product_tag","embeddable":true,"href":"https:\/\/www.opilav.com\/siparis\/wp-json\/wp\/v2\/product_tag?post=342"}],"curies":[{"name":"wp","href":"https:\/\/api.w.org\/{rel}","templated":true}]}}