{"id":362,"date":"2024-03-08T13:29:47","date_gmt":"2024-03-08T10:29:47","guid":{"rendered":"https:\/\/www.opilav.com\/siparis\/?post_type=product&#038;p=362"},"modified":"2024-11-28T10:50:27","modified_gmt":"2024-11-28T07:50:27","slug":"o-pilic-cevirme-butun-tavuk","status":"publish","type":"product","link":"https:\/\/www.opilav.com\/siparis\/menu\/o-pilic-cevirme-butun-tavuk\/","title":{"rendered":"O pili\u00e7 \u00e7evirme yar\u0131m  tavuk"},"content":{"rendered":"<p>O pili\u00e7 \u00e7evirme b\u00fct\u00fcn tavuk<br \/>\n1.4 kg \u00f6zel sosla marin edilmi\u015f b\u00fct\u00fcn tavuk<\/p>\n","protected":false},"excerpt":{"rendered":"<p>O pili\u00e7 \u00e7evirme b\u00fct\u00fcn tavuk 1.4 kg \u00f6zel sosla marin edilmi\u015f b\u00fct\u00fcn tavuk<\/p>\n","protected":false},"featured_media":361,"comment_status":"open","ping_status":"closed","template":"","meta":[],"product_cat":[15],"product_tag":[],"class_list":["post-362","product","type-product","status-publish","has-post-thumbnail","hentry","product_cat-hayir-pilavi"],"_links":{"self":[{"href":"https:\/\/www.opilav.com\/siparis\/wp-json\/wp\/v3\/product\/362","targetHints":{"allow":["GET"]}}],"collection":[{"href":"https:\/\/www.opilav.com\/siparis\/wp-json\/wp\/v3\/product"}],"about":[{"href":"https:\/\/www.opilav.com\/siparis\/wp-json\/wp\/v2\/types\/product"}],"replies":[{"embeddable":true,"href":"https:\/\/www.opilav.com\/siparis\/wp-json\/wp\/v2\/comments?post=362"}],"wp:featuredmedia":[{"embeddable":true,"href":"https:\/\/www.opilav.com\/siparis\/wp-json\/wp\/v2\/media\/361"}],"wp:attachment":[{"href":"https:\/\/www.opilav.com\/siparis\/wp-json\/wp\/v2\/media?parent=362"}],"wp:term":[{"taxonomy":"product_cat","embeddable":true,"href":"https:\/\/www.opilav.com\/siparis\/wp-json\/wp\/v2\/product_cat?post=362"},{"taxonomy":"product_tag","embeddable":true,"href":"https:\/\/www.opilav.com\/siparis\/wp-json\/wp\/v2\/product_tag?post=362"}],"curies":[{"name":"wp","href":"https:\/\/api.w.org\/{rel}","templated":true}]}}