{"id":364,"date":"2024-03-08T13:34:11","date_gmt":"2024-03-08T10:34:11","guid":{"rendered":"https:\/\/www.opilav.com\/siparis\/?post_type=product&#038;p=364"},"modified":"2024-11-28T10:49:53","modified_gmt":"2024-11-28T07:49:53","slug":"o-pilic-but","status":"publish","type":"product","link":"https:\/\/www.opilav.com\/siparis\/menu\/o-pilic-but\/","title":{"rendered":"O pili\u00e7 but 3 adet pilav tur\u015fu"},"content":{"rendered":"<p>O P\u0130L\u0130\u00c7 BUT \u00d6ZEL SOSLA MAR\u0130N ED\u0130LM\u0130\u015e ER P\u0130L\u0130\u00c7 \u00dcR\u00dcNLER\u0130<\/p>\n","protected":false},"excerpt":{"rendered":"<p>O P\u0130L\u0130\u00c7 BUT \u00d6ZEL SOSLA MAR\u0130N ED\u0130LM\u0130\u015e ER P\u0130L\u0130\u00c7 \u00dcR\u00dcNLER\u0130<\/p>\n","protected":false},"featured_media":365,"comment_status":"open","ping_status":"closed","template":"","meta":[],"product_cat":[15],"product_tag":[],"class_list":["post-364","product","type-product","status-publish","has-post-thumbnail","hentry","product_cat-hayir-pilavi"],"_links":{"self":[{"href":"https:\/\/www.opilav.com\/siparis\/wp-json\/wp\/v3\/product\/364","targetHints":{"allow":["GET"]}}],"collection":[{"href":"https:\/\/www.opilav.com\/siparis\/wp-json\/wp\/v3\/product"}],"about":[{"href":"https:\/\/www.opilav.com\/siparis\/wp-json\/wp\/v2\/types\/product"}],"replies":[{"embeddable":true,"href":"https:\/\/www.opilav.com\/siparis\/wp-json\/wp\/v2\/comments?post=364"}],"wp:featuredmedia":[{"embeddable":true,"href":"https:\/\/www.opilav.com\/siparis\/wp-json\/wp\/v2\/media\/365"}],"wp:attachment":[{"href":"https:\/\/www.opilav.com\/siparis\/wp-json\/wp\/v2\/media?parent=364"}],"wp:term":[{"taxonomy":"product_cat","embeddable":true,"href":"https:\/\/www.opilav.com\/siparis\/wp-json\/wp\/v2\/product_cat?post=364"},{"taxonomy":"product_tag","embeddable":true,"href":"https:\/\/www.opilav.com\/siparis\/wp-json\/wp\/v2\/product_tag?post=364"}],"curies":[{"name":"wp","href":"https:\/\/api.w.org\/{rel}","templated":true}]}}