{"id":375,"date":"2024-03-09T14:18:49","date_gmt":"2024-03-09T11:18:49","guid":{"rendered":"https:\/\/www.opilav.com\/siparis\/?post_type=product&#038;p=375"},"modified":"2024-10-03T20:51:44","modified_gmt":"2024-10-03T17:51:44","slug":"buyuk-ayran","status":"publish","type":"product","link":"https:\/\/www.opilav.com\/siparis\/menu\/buyuk-ayran\/","title":{"rendered":"B\u00fcy\u00fck Ayran 33cc"},"content":{"rendered":"<p>B\u00fcy\u00fck ayran 33 cc<\/p>\n","protected":false},"excerpt":{"rendered":"<p>B\u00fcy\u00fck ayran 33 cc<\/p>\n","protected":false},"featured_media":376,"comment_status":"open","ping_status":"closed","template":"","meta":[],"product_cat":[28],"product_tag":[],"class_list":["post-375","product","type-product","status-publish","has-post-thumbnail","hentry","product_cat-icecekler"],"_links":{"self":[{"href":"https:\/\/www.opilav.com\/siparis\/wp-json\/wp\/v3\/product\/375","targetHints":{"allow":["GET"]}}],"collection":[{"href":"https:\/\/www.opilav.com\/siparis\/wp-json\/wp\/v3\/product"}],"about":[{"href":"https:\/\/www.opilav.com\/siparis\/wp-json\/wp\/v2\/types\/product"}],"replies":[{"embeddable":true,"href":"https:\/\/www.opilav.com\/siparis\/wp-json\/wp\/v2\/comments?post=375"}],"wp:featuredmedia":[{"embeddable":true,"href":"https:\/\/www.opilav.com\/siparis\/wp-json\/wp\/v2\/media\/376"}],"wp:attachment":[{"href":"https:\/\/www.opilav.com\/siparis\/wp-json\/wp\/v2\/media?parent=375"}],"wp:term":[{"taxonomy":"product_cat","embeddable":true,"href":"https:\/\/www.opilav.com\/siparis\/wp-json\/wp\/v2\/product_cat?post=375"},{"taxonomy":"product_tag","embeddable":true,"href":"https:\/\/www.opilav.com\/siparis\/wp-json\/wp\/v2\/product_tag?post=375"}],"curies":[{"name":"wp","href":"https:\/\/api.w.org\/{rel}","templated":true}]}}