{"id":46,"date":"2022-04-13T13:26:37","date_gmt":"2022-04-13T10:26:37","guid":{"rendered":"https:\/\/www.opilav.com\/siparis\/product\/tek-kisilik-kahvalti-tabagi\/"},"modified":"2024-10-06T13:04:12","modified_gmt":"2024-10-06T10:04:12","slug":"tek-kisilik-kahvalti-tabagi","status":"publish","type":"product","link":"https:\/\/www.opilav.com\/siparis\/menu\/tek-kisilik-kahvalti-tabagi\/","title":{"rendered":"Tek Ki\u015filik Kahvalt\u0131 Taba\u011f\u0131"},"content":{"rendered":"<p>&#8211;<\/p>\n","protected":false},"excerpt":{"rendered":"<p>&#8211;<\/p>\n","protected":false},"featured_media":45,"comment_status":"open","ping_status":"closed","template":"","meta":[],"product_cat":[18],"product_tag":[],"class_list":["post-46","product","type-product","status-publish","has-post-thumbnail","hentry","product_cat-kahvaltiliklar"],"_links":{"self":[{"href":"https:\/\/www.opilav.com\/siparis\/wp-json\/wp\/v3\/product\/46","targetHints":{"allow":["GET"]}}],"collection":[{"href":"https:\/\/www.opilav.com\/siparis\/wp-json\/wp\/v3\/product"}],"about":[{"href":"https:\/\/www.opilav.com\/siparis\/wp-json\/wp\/v2\/types\/product"}],"replies":[{"embeddable":true,"href":"https:\/\/www.opilav.com\/siparis\/wp-json\/wp\/v2\/comments?post=46"}],"wp:featuredmedia":[{"embeddable":true,"href":"https:\/\/www.opilav.com\/siparis\/wp-json\/wp\/v2\/media\/45"}],"wp:attachment":[{"href":"https:\/\/www.opilav.com\/siparis\/wp-json\/wp\/v2\/media?parent=46"}],"wp:term":[{"taxonomy":"product_cat","embeddable":true,"href":"https:\/\/www.opilav.com\/siparis\/wp-json\/wp\/v2\/product_cat?post=46"},{"taxonomy":"product_tag","embeddable":true,"href":"https:\/\/www.opilav.com\/siparis\/wp-json\/wp\/v2\/product_tag?post=46"}],"curies":[{"name":"wp","href":"https:\/\/api.w.org\/{rel}","templated":true}]}}