{"id":89,"date":"2022-04-13T13:27:29","date_gmt":"2022-04-13T10:27:29","guid":{"rendered":"https:\/\/www.opilav.com\/siparis\/product\/kavurmali-pilav\/"},"modified":"2024-11-28T09:59:40","modified_gmt":"2024-11-28T06:59:40","slug":"kavurmali-pilav","status":"publish","type":"product","link":"https:\/\/www.opilav.com\/siparis\/menu\/kavurmali-pilav\/","title":{"rendered":"Kavurmal\u0131 Pilav yan\u0131nda tur\u015fu"},"content":{"rendered":"<p>&#8211;<\/p>\n","protected":false},"excerpt":{"rendered":"<p>&#8211;<\/p>\n","protected":false},"featured_media":88,"comment_status":"open","ping_status":"closed","template":"","meta":[],"product_cat":[23],"product_tag":[46],"class_list":["post-89","product","type-product","status-publish","has-post-thumbnail","hentry","product_cat-pilav-cesitleri","product_tag-kavurmali-pilav-yaninda-tursu"],"_links":{"self":[{"href":"https:\/\/www.opilav.com\/siparis\/wp-json\/wp\/v3\/product\/89","targetHints":{"allow":["GET"]}}],"collection":[{"href":"https:\/\/www.opilav.com\/siparis\/wp-json\/wp\/v3\/product"}],"about":[{"href":"https:\/\/www.opilav.com\/siparis\/wp-json\/wp\/v2\/types\/product"}],"replies":[{"embeddable":true,"href":"https:\/\/www.opilav.com\/siparis\/wp-json\/wp\/v2\/comments?post=89"}],"wp:featuredmedia":[{"embeddable":true,"href":"https:\/\/www.opilav.com\/siparis\/wp-json\/wp\/v2\/media\/88"}],"wp:attachment":[{"href":"https:\/\/www.opilav.com\/siparis\/wp-json\/wp\/v2\/media?parent=89"}],"wp:term":[{"taxonomy":"product_cat","embeddable":true,"href":"https:\/\/www.opilav.com\/siparis\/wp-json\/wp\/v2\/product_cat?post=89"},{"taxonomy":"product_tag","embeddable":true,"href":"https:\/\/www.opilav.com\/siparis\/wp-json\/wp\/v2\/product_tag?post=89"}],"curies":[{"name":"wp","href":"https:\/\/api.w.org\/{rel}","templated":true}]}}