{"id":91,"date":"2022-04-13T13:27:32","date_gmt":"2022-04-13T10:27:32","guid":{"rendered":"https:\/\/www.opilav.com\/siparis\/product\/kori-soslu-tavuklu-pilav\/"},"modified":"2024-11-28T09:59:09","modified_gmt":"2024-11-28T06:59:09","slug":"kori-soslu-tavuklu-pilav","status":"publish","type":"product","link":"https:\/\/www.opilav.com\/siparis\/menu\/kori-soslu-tavuklu-pilav\/","title":{"rendered":"K\u00f6ri Soslu Tavuklu Pilav yan\u0131nda tur\u015fu"},"content":{"rendered":"<p>&#8211;<\/p>\n","protected":false},"excerpt":{"rendered":"<p>&#8211;<\/p>\n","protected":false},"featured_media":90,"comment_status":"open","ping_status":"closed","template":"","meta":[],"product_cat":[23],"product_tag":[45],"class_list":["post-91","product","type-product","status-publish","has-post-thumbnail","hentry","product_cat-pilav-cesitleri","product_tag-kori-soslu-tavuklu-pilav-yaninda-tursu"],"_links":{"self":[{"href":"https:\/\/www.opilav.com\/siparis\/wp-json\/wp\/v3\/product\/91","targetHints":{"allow":["GET"]}}],"collection":[{"href":"https:\/\/www.opilav.com\/siparis\/wp-json\/wp\/v3\/product"}],"about":[{"href":"https:\/\/www.opilav.com\/siparis\/wp-json\/wp\/v2\/types\/product"}],"replies":[{"embeddable":true,"href":"https:\/\/www.opilav.com\/siparis\/wp-json\/wp\/v2\/comments?post=91"}],"wp:featuredmedia":[{"embeddable":true,"href":"https:\/\/www.opilav.com\/siparis\/wp-json\/wp\/v2\/media\/90"}],"wp:attachment":[{"href":"https:\/\/www.opilav.com\/siparis\/wp-json\/wp\/v2\/media?parent=91"}],"wp:term":[{"taxonomy":"product_cat","embeddable":true,"href":"https:\/\/www.opilav.com\/siparis\/wp-json\/wp\/v2\/product_cat?post=91"},{"taxonomy":"product_tag","embeddable":true,"href":"https:\/\/www.opilav.com\/siparis\/wp-json\/wp\/v2\/product_tag?post=91"}],"curies":[{"name":"wp","href":"https:\/\/api.w.org\/{rel}","templated":true}]}}